{"id":702,"date":"2024-07-01T09:20:10","date_gmt":"2024-07-01T06:20:10","guid":{"rendered":"https:\/\/ustunhotel.com\/?page_id=702"},"modified":"2026-04-01T21:07:18","modified_gmt":"2026-04-01T18:07:18","slug":"booking","status":"publish","type":"page","link":"https:\/\/ustunhotel.com\/en\/booking","title":{"rendered":"Reservation"},"content":{"rendered":"","protected":false},"excerpt":{"rendered":"","protected":false},"author":3,"featured_media":0,"parent":0,"menu_order":0,"comment_status":"closed","ping_status":"closed","template":"","meta":{"footnotes":""},"class_list":["post-702","page","type-page","status-publish","hentry"],"yoast_head":"<!-- This site is optimized with the Yoast SEO plugin v27.3 - https:\/\/yoast.com\/product\/yoast-seo-wordpress\/ -->\n<title>Rezervasyon | \u00dcst\u00fcn Otel, \u0130zmir - Resmi Web Sitesi<\/title>\n<meta name=\"robots\" content=\"index, follow, max-snippet:-1, max-image-preview:large, max-video-preview:-1\" \/>\n<link rel=\"canonical\" href=\"https:\/\/ustunhotel.com\/en\/booking\/\" \/>\n<meta property=\"og:locale\" content=\"en_GB\" \/>\n<meta property=\"og:type\" content=\"article\" \/>\n<meta property=\"og:title\" content=\"Rezervasyon | \u00dcst\u00fcn Otel, \u0130zmir - Resmi Web Sitesi\" \/>\n<meta property=\"og:url\" content=\"https:\/\/ustunhotel.com\/en\/booking\/\" \/>\n<meta property=\"og:site_name\" content=\"\u00dcst\u00fcn Otel\" \/>\n<meta property=\"article:modified_time\" content=\"2026-04-01T18:07:18+00:00\" \/>\n<meta name=\"twitter:card\" content=\"summary_large_image\" \/>\n<meta name=\"twitter:label1\" content=\"Estimated reading time\" \/>\n\t<meta name=\"twitter:data1\" content=\"1 minute\" \/>\n<script type=\"application\/ld+json\" class=\"yoast-schema-graph\">{\"@context\":\"https:\\\/\\\/schema.org\",\"@graph\":[{\"@type\":\"WebPage\",\"@id\":\"https:\\\/\\\/ustunhotel.com\\\/booking\",\"url\":\"https:\\\/\\\/ustunhotel.com\\\/booking\",\"name\":\"Rezervasyon | \u00dcst\u00fcn Otel, \u0130zmir - Resmi Web Sitesi\",\"isPartOf\":{\"@id\":\"https:\\\/\\\/ustunhotel.com\\\/#website\"},\"datePublished\":\"2024-07-01T06:20:10+00:00\",\"dateModified\":\"2026-04-01T18:07:18+00:00\",\"breadcrumb\":{\"@id\":\"https:\\\/\\\/ustunhotel.com\\\/booking#breadcrumb\"},\"inLanguage\":\"en-GB\",\"potentialAction\":[{\"@type\":\"ReadAction\",\"target\":[\"https:\\\/\\\/ustunhotel.com\\\/booking\"]}]},{\"@type\":\"BreadcrumbList\",\"@id\":\"https:\\\/\\\/ustunhotel.com\\\/booking#breadcrumb\",\"itemListElement\":[{\"@type\":\"ListItem\",\"position\":1,\"name\":\"Anasayfa\",\"item\":\"https:\\\/\\\/ustunhotel.com\\\/en\\\/\"},{\"@type\":\"ListItem\",\"position\":2,\"name\":\"Rezervasyon\"}]},{\"@type\":\"WebSite\",\"@id\":\"https:\\\/\\\/ustunhotel.com\\\/#website\",\"url\":\"https:\\\/\\\/ustunhotel.com\\\/\",\"name\":\"\u00dcst\u00fcn Otel\",\"description\":\"Alsancak \u0130zmir\",\"publisher\":{\"@id\":\"https:\\\/\\\/ustunhotel.com\\\/#organization\"},\"potentialAction\":[{\"@type\":\"SearchAction\",\"target\":{\"@type\":\"EntryPoint\",\"urlTemplate\":\"https:\\\/\\\/ustunhotel.com\\\/?s={search_term_string}\"},\"query-input\":{\"@type\":\"PropertyValueSpecification\",\"valueRequired\":true,\"valueName\":\"search_term_string\"}}],\"inLanguage\":\"en-GB\"},{\"@type\":\"Organization\",\"@id\":\"https:\\\/\\\/ustunhotel.com\\\/#organization\",\"name\":\"\u00dcst\u00fcn Otel Alsancak \u0130zmir\",\"url\":\"https:\\\/\\\/ustunhotel.com\\\/\",\"logo\":{\"@type\":\"ImageObject\",\"inLanguage\":\"en-GB\",\"@id\":\"https:\\\/\\\/ustunhotel.com\\\/#\\\/schema\\\/logo\\\/image\\\/\",\"url\":\"https:\\\/\\\/ustunhotel.com\\\/wp-content\\\/uploads\\\/2021\\\/11\\\/logo-text.png\",\"contentUrl\":\"https:\\\/\\\/ustunhotel.com\\\/wp-content\\\/uploads\\\/2021\\\/11\\\/logo-text.png\",\"width\":2000,\"height\":594,\"caption\":\"\u00dcst\u00fcn Otel Alsancak \u0130zmir\"},\"image\":{\"@id\":\"https:\\\/\\\/ustunhotel.com\\\/#\\\/schema\\\/logo\\\/image\\\/\"}}]}<\/script>\n<!-- \/ Yoast SEO plugin. -->","yoast_head_json":{"title":"Reservation | \u00dcst\u00fcn Hotel, Izmir - Official Website","robots":{"index":"index","follow":"follow","max-snippet":"max-snippet:-1","max-image-preview":"max-image-preview:large","max-video-preview":"max-video-preview:-1"},"canonical":"https:\/\/ustunhotel.com\/en\/booking\/","og_locale":"en_GB","og_type":"article","og_title":"Rezervasyon | \u00dcst\u00fcn Otel, \u0130zmir - Resmi Web Sitesi","og_url":"https:\/\/ustunhotel.com\/en\/booking\/","og_site_name":"\u00dcst\u00fcn Otel","article_modified_time":"2026-04-01T18:07:18+00:00","twitter_card":"summary_large_image","twitter_misc":{"Estimated reading time":"1 minute"},"schema":{"@context":"https:\/\/schema.org","@graph":[{"@type":"WebPage","@id":"https:\/\/ustunhotel.com\/booking","url":"https:\/\/ustunhotel.com\/booking","name":"Reservation | \u00dcst\u00fcn Hotel, Izmir - Official Website","isPartOf":{"@id":"https:\/\/ustunhotel.com\/#website"},"datePublished":"2024-07-01T06:20:10+00:00","dateModified":"2026-04-01T18:07:18+00:00","breadcrumb":{"@id":"https:\/\/ustunhotel.com\/booking#breadcrumb"},"inLanguage":"en-GB","potentialAction":[{"@type":"ReadAction","target":["https:\/\/ustunhotel.com\/booking"]}]},{"@type":"BreadcrumbList","@id":"https:\/\/ustunhotel.com\/booking#breadcrumb","itemListElement":[{"@type":"ListItem","position":1,"name":"Anasayfa","item":"https:\/\/ustunhotel.com\/en\/"},{"@type":"ListItem","position":2,"name":"Rezervasyon"}]},{"@type":"WebSite","@id":"https:\/\/ustunhotel.com\/#website","url":"https:\/\/ustunhotel.com\/","name":"Superior Hotel","description":"Alsancak Izmir","publisher":{"@id":"https:\/\/ustunhotel.com\/#organization"},"potentialAction":[{"@type":"SearchAction","target":{"@type":"EntryPoint","urlTemplate":"https:\/\/ustunhotel.com\/?s={search_term_string}"},"query-input":{"@type":"PropertyValueSpecification","valueRequired":true,"valueName":"search_term_string"}}],"inLanguage":"en-GB"},{"@type":"Organization","@id":"https:\/\/ustunhotel.com\/#organization","name":"Superior Hotel Alsancak Izmir","url":"https:\/\/ustunhotel.com\/","logo":{"@type":"ImageObject","inLanguage":"en-GB","@id":"https:\/\/ustunhotel.com\/#\/schema\/logo\/image\/","url":"https:\/\/ustunhotel.com\/wp-content\/uploads\/2021\/11\/logo-text.png","contentUrl":"https:\/\/ustunhotel.com\/wp-content\/uploads\/2021\/11\/logo-text.png","width":2000,"height":594,"caption":"\u00dcst\u00fcn Otel Alsancak \u0130zmir"},"image":{"@id":"https:\/\/ustunhotel.com\/#\/schema\/logo\/image\/"}}]}},"_links":{"self":[{"href":"https:\/\/ustunhotel.com\/en\/wp-json\/wp\/v2\/pages\/702","targetHints":{"allow":["GET"]}}],"collection":[{"href":"https:\/\/ustunhotel.com\/en\/wp-json\/wp\/v2\/pages"}],"about":[{"href":"https:\/\/ustunhotel.com\/en\/wp-json\/wp\/v2\/types\/page"}],"author":[{"embeddable":true,"href":"https:\/\/ustunhotel.com\/en\/wp-json\/wp\/v2\/users\/3"}],"replies":[{"embeddable":true,"href":"https:\/\/ustunhotel.com\/en\/wp-json\/wp\/v2\/comments?post=702"}],"version-history":[{"count":7,"href":"https:\/\/ustunhotel.com\/en\/wp-json\/wp\/v2\/pages\/702\/revisions"}],"predecessor-version":[{"id":990,"href":"https:\/\/ustunhotel.com\/en\/wp-json\/wp\/v2\/pages\/702\/revisions\/990"}],"wp:attachment":[{"href":"https:\/\/ustunhotel.com\/en\/wp-json\/wp\/v2\/media?parent=702"}],"curies":[{"name":"wp","href":"https:\/\/api.w.org\/{rel}","templated":true}]}}